{"id":10,"date":"2026-04-20T03:20:04","date_gmt":"2026-04-20T03:20:04","guid":{"rendered":"https:\/\/saigonbaotin.123websitedev.com\/?page_id=10"},"modified":"2026-04-25T13:49:49","modified_gmt":"2026-04-25T06:49:49","slug":"trang-chu","status":"publish","type":"page","link":"https:\/\/saigonbaotin.com\/en\/","title":{"rendered":"Homepage"},"content":{"rendered":"","protected":false},"excerpt":{"rendered":"","protected":false},"author":1,"featured_media":0,"parent":0,"menu_order":0,"comment_status":"closed","ping_status":"closed","template":"template-home.php","meta":{"footnotes":""},"class_list":["post-10","page","type-page","status-publish","hentry"],"yoast_head":"<!-- This site is optimized with the Yoast SEO Premium plugin v24.8 (Yoast SEO v24.8) - https:\/\/yoast.com\/wordpress\/plugins\/seo\/ -->\n<title>Trang ch\u1ee7 - S\u00e0i G\u00f2n B\u1ea3o T\u00edn<\/title>\n<meta name=\"robots\" content=\"index, follow, max-snippet:-1, max-image-preview:large, max-video-preview:-1\" \/>\n<link rel=\"canonical\" href=\"https:\/\/saigonbaotin.com\/en\/\" \/>\n<meta property=\"og:locale\" content=\"en_US\" \/>\n<meta property=\"og:type\" content=\"article\" \/>\n<meta property=\"og:title\" content=\"S\u00e0i G\u00f2n B\u1ea3o T\u00edn\" \/>\n<meta property=\"og:description\" content=\"Ch\u00e0nh xe Nha Trang B\u1ea2O T\u00cdN ch\u00fang t\u00f4i th\u00e0nh l\u1eadp ng\u00e0y 10\/11\/2014 \u0111\u00ean nay \u0111\u00e3 g\u1ea7n 5 n\u0103m. V\u1edbi s\u1ef1 tr\u1ebb trung, nhi\u1ec7t huy\u1ebft c\u00f4ng t\u00e2m v\u1edbi ngh\u1ec1. Ch\u00e0nh xe ch\u00fang t\u00f4i \u0111\u00e3 t\u1ea1o d\u1ef1ng t\u00ean tu\u1ed5i trong ng\u00e0nh v\u1eadn chuy\u1ec3n h\u00e0ng l\u1ebb(h\u00e0ng gom hay c\u00f2n g\u1ecdi l\u00e0 h\u00e0ng ch\u00e0nh) t\u1eeb S\u00e0i G\u00f2n v\u1ec1 Nha Trang v\u1edbi gi\u00e1 c\u1ea3 h\u1ee3p l\u00fd \u0111\u01b0\u1ee3c th\u1ecfa thu\u1eadn gi\u1eefa c\u00e1c b\u00ean.\" \/>\n<meta property=\"og:url\" content=\"https:\/\/saigonbaotin.com\/en\/\" \/>\n<meta property=\"og:site_name\" content=\"S\u00e0i G\u00f2n B\u1ea3o T\u00edn\" \/>\n<meta property=\"article:modified_time\" content=\"2026-04-25T06:49:49+00:00\" \/>\n<meta property=\"og:image\" content=\"https:\/\/saigonbaotin.com\/wp-content\/uploads\/2026\/04\/sai-gon-bao-tin-share.jpg\" \/>\n\t<meta property=\"og:image:width\" content=\"1200\" \/>\n\t<meta property=\"og:image:height\" content=\"630\" \/>\n\t<meta property=\"og:image:type\" content=\"image\/jpeg\" \/>\n<meta name=\"twitter:card\" content=\"summary_large_image\" \/>\n<meta name=\"twitter:title\" content=\"Trang ch\u1ee7\" \/>\n<script type=\"application\/ld+json\" class=\"yoast-schema-graph\">{\"@context\":\"https:\/\/schema.org\",\"@graph\":[{\"@type\":\"WebPage\",\"@id\":\"https:\/\/saigonbaotin.com\/\",\"url\":\"https:\/\/saigonbaotin.com\/\",\"name\":\"Trang ch\u1ee7 - S\u00e0i G\u00f2n B\u1ea3o T\u00edn\",\"isPartOf\":{\"@id\":\"https:\/\/saigonbaotin.com\/#website\"},\"datePublished\":\"2026-04-20T03:20:04+00:00\",\"dateModified\":\"2026-04-25T06:49:49+00:00\",\"breadcrumb\":{\"@id\":\"https:\/\/saigonbaotin.com\/#breadcrumb\"},\"inLanguage\":\"en-US\",\"potentialAction\":[{\"@type\":\"ReadAction\",\"target\":[\"https:\/\/saigonbaotin.com\/\"]}]},{\"@type\":\"BreadcrumbList\",\"@id\":\"https:\/\/saigonbaotin.com\/#breadcrumb\",\"itemListElement\":[{\"@type\":\"ListItem\",\"position\":1,\"name\":\"Home\",\"item\":\"https:\/\/saigonbaotin.com\/\"},{\"@type\":\"ListItem\",\"position\":2,\"name\":\"Trang ch\u1ee7\"}]},{\"@type\":\"WebSite\",\"@id\":\"https:\/\/saigonbaotin.com\/#website\",\"url\":\"https:\/\/saigonbaotin.com\/\",\"name\":\"S\u00e0i G\u00f2n B\u1ea3o T\u00edn\",\"description\":\"\",\"publisher\":{\"@id\":\"https:\/\/saigonbaotin.com\/#organization\"},\"potentialAction\":[{\"@type\":\"SearchAction\",\"target\":{\"@type\":\"EntryPoint\",\"urlTemplate\":\"https:\/\/saigonbaotin.com\/?s={search_term_string}\"},\"query-input\":{\"@type\":\"PropertyValueSpecification\",\"valueRequired\":true,\"valueName\":\"search_term_string\"}}],\"inLanguage\":\"en-US\"},{\"@type\":\"Organization\",\"@id\":\"https:\/\/saigonbaotin.com\/#organization\",\"name\":\"S\u00e0i G\u00f2n B\u1ea3o T\u00edn\",\"url\":\"https:\/\/saigonbaotin.com\/\",\"logo\":{\"@type\":\"ImageObject\",\"inLanguage\":\"en-US\",\"@id\":\"https:\/\/saigonbaotin.com\/#\/schema\/logo\/image\/\",\"url\":\"https:\/\/saigonbaotin.com\/wp-content\/uploads\/2026\/04\/logo-saigobaotin-02.png\",\"contentUrl\":\"https:\/\/saigonbaotin.com\/wp-content\/uploads\/2026\/04\/logo-saigobaotin-02.png\",\"width\":636,\"height\":342,\"caption\":\"S\u00e0i G\u00f2n B\u1ea3o T\u00edn\"},\"image\":{\"@id\":\"https:\/\/saigonbaotin.com\/#\/schema\/logo\/image\/\"}}]}<\/script>\n<!-- \/ Yoast SEO Premium plugin. -->","yoast_head_json":{"title":"Homepage - Saigon Bao Tin","robots":{"index":"index","follow":"follow","max-snippet":"max-snippet:-1","max-image-preview":"max-image-preview:large","max-video-preview":"max-video-preview:-1"},"canonical":"https:\/\/saigonbaotin.com\/en\/","og_locale":"en_US","og_type":"article","og_title":"S\u00e0i G\u00f2n B\u1ea3o T\u00edn","og_description":"Ch\u00e0nh xe Nha Trang B\u1ea2O T\u00cdN ch\u00fang t\u00f4i th\u00e0nh l\u1eadp ng\u00e0y 10\/11\/2014 \u0111\u00ean nay \u0111\u00e3 g\u1ea7n 5 n\u0103m. V\u1edbi s\u1ef1 tr\u1ebb trung, nhi\u1ec7t huy\u1ebft c\u00f4ng t\u00e2m v\u1edbi ngh\u1ec1. Ch\u00e0nh xe ch\u00fang t\u00f4i \u0111\u00e3 t\u1ea1o d\u1ef1ng t\u00ean tu\u1ed5i trong ng\u00e0nh v\u1eadn chuy\u1ec3n h\u00e0ng l\u1ebb(h\u00e0ng gom hay c\u00f2n g\u1ecdi l\u00e0 h\u00e0ng ch\u00e0nh) t\u1eeb S\u00e0i G\u00f2n v\u1ec1 Nha Trang v\u1edbi gi\u00e1 c\u1ea3 h\u1ee3p l\u00fd \u0111\u01b0\u1ee3c th\u1ecfa thu\u1eadn gi\u1eefa c\u00e1c b\u00ean.","og_url":"https:\/\/saigonbaotin.com\/en\/","og_site_name":"S\u00e0i G\u00f2n B\u1ea3o T\u00edn","article_modified_time":"2026-04-25T06:49:49+00:00","og_image":[{"width":1200,"height":630,"url":"https:\/\/saigonbaotin.com\/wp-content\/uploads\/2026\/04\/sai-gon-bao-tin-share.jpg","type":"image\/jpeg"}],"twitter_card":"summary_large_image","twitter_title":"Trang ch\u1ee7","schema":{"@context":"https:\/\/schema.org","@graph":[{"@type":"WebPage","@id":"https:\/\/saigonbaotin.com\/","url":"https:\/\/saigonbaotin.com\/","name":"Homepage - Saigon Bao Tin","isPartOf":{"@id":"https:\/\/saigonbaotin.com\/#website"},"datePublished":"2026-04-20T03:20:04+00:00","dateModified":"2026-04-25T06:49:49+00:00","breadcrumb":{"@id":"https:\/\/saigonbaotin.com\/#breadcrumb"},"inLanguage":"en-US","potentialAction":[{"@type":"ReadAction","target":["https:\/\/saigonbaotin.com\/"]}]},{"@type":"BreadcrumbList","@id":"https:\/\/saigonbaotin.com\/#breadcrumb","itemListElement":[{"@type":"ListItem","position":1,"name":"Home","item":"https:\/\/saigonbaotin.com\/"},{"@type":"ListItem","position":2,"name":"Trang ch\u1ee7"}]},{"@type":"WebSite","@id":"https:\/\/saigonbaotin.com\/#website","url":"https:\/\/saigonbaotin.com\/","name":"Saigon Bao Tin","description":"","publisher":{"@id":"https:\/\/saigonbaotin.com\/#organization"},"potentialAction":[{"@type":"SearchAction","target":{"@type":"EntryPoint","urlTemplate":"https:\/\/saigonbaotin.com\/?s={search_term_string}"},"query-input":{"@type":"PropertyValueSpecification","valueRequired":true,"valueName":"search_term_string"}}],"inLanguage":"en-US"},{"@type":"Organization","@id":"https:\/\/saigonbaotin.com\/#organization","name":"Saigon Bao Tin","url":"https:\/\/saigonbaotin.com\/","logo":{"@type":"ImageObject","inLanguage":"en-US","@id":"https:\/\/saigonbaotin.com\/#\/schema\/logo\/image\/","url":"https:\/\/saigonbaotin.com\/wp-content\/uploads\/2026\/04\/logo-saigobaotin-02.png","contentUrl":"https:\/\/saigonbaotin.com\/wp-content\/uploads\/2026\/04\/logo-saigobaotin-02.png","width":636,"height":342,"caption":"S\u00e0i G\u00f2n B\u1ea3o T\u00edn"},"image":{"@id":"https:\/\/saigonbaotin.com\/#\/schema\/logo\/image\/"}}]}},"_links":{"self":[{"href":"https:\/\/saigonbaotin.com\/en\/wp-json\/wp\/v2\/pages\/10","targetHints":{"allow":["GET"]}}],"collection":[{"href":"https:\/\/saigonbaotin.com\/en\/wp-json\/wp\/v2\/pages"}],"about":[{"href":"https:\/\/saigonbaotin.com\/en\/wp-json\/wp\/v2\/types\/page"}],"author":[{"embeddable":true,"href":"https:\/\/saigonbaotin.com\/en\/wp-json\/wp\/v2\/users\/1"}],"replies":[{"embeddable":true,"href":"https:\/\/saigonbaotin.com\/en\/wp-json\/wp\/v2\/comments?post=10"}],"version-history":[{"count":0,"href":"https:\/\/saigonbaotin.com\/en\/wp-json\/wp\/v2\/pages\/10\/revisions"}],"wp:attachment":[{"href":"https:\/\/saigonbaotin.com\/en\/wp-json\/wp\/v2\/media?parent=10"}],"curies":[{"name":"wp","href":"https:\/\/api.w.org\/{rel}","templated":true}]}}